{"id":895,"date":"2026-01-14T09:10:25","date_gmt":"2026-01-14T09:10:25","guid":{"rendered":"https:\/\/cm.nicfurtuna.com\/?post_type=product&#038;p=895"},"modified":"2026-01-14T11:52:16","modified_gmt":"2026-01-14T11:52:16","slug":"lux-aurea","status":"publish","type":"product","link":"https:\/\/cm.nicfurtuna.com\/en\/product\/lux-aurea\/","title":{"rendered":"Lux Aurea"},"content":{"rendered":"<p align=\"justify\"><span style=\"font-family: Times New Roman, serif;\">Vinurile <\/span><span style=\"font-family: Times New Roman, serif;\"><b>Lux Aurea<\/b><\/span>\u00a0<span style=\"font-family: Times New Roman, serif;\">sunt primele repere ale acestei consacr\u0103ri. \u00cennobilate \u00eentr-o ceremonie oficial\u0103 a CLUBULUI, ele au primit blazonul \u0219i sigiliul care le legitimeaz\u0103 drept purt\u0103toare ale identit\u0103\u021bii sale. Prin origine, compozi\u021bie \u0219i actul ceremonial care le \u00eenso\u021be\u0219te, aceste vinuri dep\u0103\u0219esc statutul de produse premium \u0219i devin <\/span><span style=\"font-family: Times New Roman, serif;\"><b>embleme ale prestigiului \u0219i ale reprezent\u0103rii nobile, purt\u0103toare de rang, juc\u00e2nd rolul de Ambasadori ai Brandului.<\/b><\/span><\/p>","protected":false},"excerpt":{"rendered":"<p>Vinurile Lux Aurea\u00a0sunt primele repere ale acestei consacr\u0103ri. \u00cennobilate \u00eentr-o ceremonie oficial\u0103 a CLUBULUI, ele au primit blazonul \u0219i sigiliul care le legitimeaz\u0103 drept purt\u0103toare ale identit\u0103\u021bii sale. Prin origine, compozi\u021bie \u0219i actul ceremonial care le \u00eenso\u021be\u0219te, aceste vinuri dep\u0103\u0219esc statutul de produse premium \u0219i devin embleme ale prestigiului \u0219i ale reprezent\u0103rii nobile, purt\u0103toare de [&hellip;]<\/p>","protected":false},"featured_media":896,"comment_status":"open","ping_status":"closed","template":"","meta":{"_acf_changed":false},"product_brand":[],"product_cat":[16],"product_tag":[],"class_list":{"0":"post-895","1":"product","2":"type-product","3":"status-publish","4":"has-post-thumbnail","6":"product_cat-fara-categorie","8":"first","9":"instock","10":"shipping-taxable","11":"purchasable","12":"product-type-simple"},"acf":[],"_links":{"self":[{"href":"https:\/\/cm.nicfurtuna.com\/en\/wp-json\/wp\/v2\/product\/895","targetHints":{"allow":["GET"]}}],"collection":[{"href":"https:\/\/cm.nicfurtuna.com\/en\/wp-json\/wp\/v2\/product"}],"about":[{"href":"https:\/\/cm.nicfurtuna.com\/en\/wp-json\/wp\/v2\/types\/product"}],"replies":[{"embeddable":true,"href":"https:\/\/cm.nicfurtuna.com\/en\/wp-json\/wp\/v2\/comments?post=895"}],"wp:featuredmedia":[{"embeddable":true,"href":"https:\/\/cm.nicfurtuna.com\/en\/wp-json\/wp\/v2\/media\/896"}],"wp:attachment":[{"href":"https:\/\/cm.nicfurtuna.com\/en\/wp-json\/wp\/v2\/media?parent=895"}],"wp:term":[{"taxonomy":"product_brand","embeddable":true,"href":"https:\/\/cm.nicfurtuna.com\/en\/wp-json\/wp\/v2\/product_brand?post=895"},{"taxonomy":"product_cat","embeddable":true,"href":"https:\/\/cm.nicfurtuna.com\/en\/wp-json\/wp\/v2\/product_cat?post=895"},{"taxonomy":"product_tag","embeddable":true,"href":"https:\/\/cm.nicfurtuna.com\/en\/wp-json\/wp\/v2\/product_tag?post=895"}],"curies":[{"name":"wp","href":"https:\/\/api.w.org\/{rel}","templated":true}]}}