{"id":464,"date":"2025-11-29T22:12:29","date_gmt":"2025-11-29T22:12:29","guid":{"rendered":"https:\/\/cm.nicfurtuna.com\/?page_id=464"},"modified":"2026-01-17T07:13:09","modified_gmt":"2026-01-17T07:13:09","slug":"despre","status":"publish","type":"page","link":"https:\/\/cm.nicfurtuna.com\/en\/despre\/","title":{"rendered":"Despre"},"content":{"rendered":"<section class=\"bde-section-464-113 bde-section\">\n  \n  \n\t\n\n\n\n<div class=\"section-container\"><\/div>\n<\/section><section class=\"bde-section-464-100 bde-section\">\n  \n  \n\t\n\n\n\n<div class=\"section-container\"><div class=\"bde-div-464-101 bde-div\">\n  \n  \n\t\n\n\n\n<div class=\"bde-div-464-102 bde-div\">\n  \n  \n\t\n\n\n\n<img decoding=\"async\" class=\"bde-image2-464-103 bde-image2\" src=\"https:\/\/cm.nicfurtuna.com\/wp-content\/uploads\/2025\/11\/Vultur-black.png\" loading=\"lazy\" srcset=\"https:\/\/cm.nicfurtuna.com\/wp-content\/uploads\/2025\/11\/Vultur-black.png 916w, https:\/\/cm.nicfurtuna.com\/wp-content\/uploads\/2025\/11\/Vultur-black-300x295.png 300w, https:\/\/cm.nicfurtuna.com\/wp-content\/uploads\/2025\/11\/Vultur-black-768x755.png 768w\" sizes=\"(max-width: 916px) 100vw, 916px\"><div class=\"bde-text-464-104 bde-text\">\n<br>\n<\/div><div class=\"bde-div-464-105 bde-div\">\n  \n  \n\t\n\n\n\n<div class=\"bde-div-464-106 bde-div mix-font-words\">\n  \n  \n\t\n\n\n\n<div class=\"bde-code-block-464-107 bde-code-block\">\n\n  <span style=\"display:inline-flex; gap:10px\"> \n <span class=\"first-letter-old\">\n  O Trinitate a Nobletei Cavaleresti\n <\/span>\n \n <\/span>\n\n\n\n<\/div>\n<\/div><div class=\"bde-div-464-168 bde-div\">\n  \n  \n\t\n\n\n\n<div class=\"bde-fancy-divider-464-169 bde-fancy-divider\">\n\n\n<div class=\"bde-fancy-divider__wrapper\">\n  <div class=\"bde-fancy-divider__separator\">\n  \t  <\/div>\n<\/div>\n\n<\/div><img decoding=\"async\" class=\"bde-image2-464-170 bde-image2\" src=\"https:\/\/cm.nicfurtuna.com\/wp-content\/uploads\/2025\/11\/Asset-3.svg\" loading=\"lazy\"><div class=\"bde-fancy-divider-464-171 bde-fancy-divider\">\n\n\n<div class=\"bde-fancy-divider__wrapper\">\n  <div class=\"bde-fancy-divider__separator\">\n  \t  <\/div>\n<\/div>\n\n<\/div>\n<\/div>\n<\/div>\n<\/div><div class=\"bde-rich-text-464-111 bde-rich-text breakdance-rich-text-styles\">\n<p>Exist\u0103 epoci \u00een care civiliza\u021biile nu \u00eenceteaz\u0103 s\u0103 existe, ci \u00eenceteaz\u0103 s\u0103 se mai recunoasc\u0103 pe sine. Ele nu se pr\u0103bu\u0219esc spectaculos, ci se estompeaz\u0103 lent, pierz\u00e2nd nu at\u00e2t institu\u021biile, c\u00e2t esen\u021ba; nu at\u00e2t teritoriile, c\u00e2t criteriile; nu at\u00e2t formele, c\u00e2t memoria sensului care le-a dat via\u021b\u0103. \u00cen asemenea vremuri, noble\u021bea se reduce la aparen\u021b\u0103, educa\u021bia la simpl\u0103 acumulare de informa\u021bie, iar credin\u021ba la ornament retoric. Tot ceea ce odinioar\u0103 reprezenta coloana vertebral\u0103 a existen\u021bei europene ajunge s\u0103 fie tratat ca un obiect muzeal, admirat, dar lipsit de func\u021bie vie. \u0218i totu\u0219i, adev\u0103rul nu se stinge; el nu dispare, ci se retrage, a\u0219tept\u00e2nd ca cineva s\u0103-l recunoasc\u0103 din nou.<\/p>\n<p>Din aceast\u0103 con\u0219tiin\u021b\u0103 a retragerii sensului \u0219i din nevoia restaur\u0103rii criteriului s-a n\u0103scut <span class=\"no-indent\" style=\"display: inline-flex; gap: 10px;\"> <span  class=\"first-letter-old no-indent\" style=\"font-family: Algerian, serif !important; font-weight: 500;\"> CLUBUL <\/span> <span class=\"no-indent first-letter-old\" style=\"font-family: Algerian, serif !important; font-weight: 500;\"> CAVALERILOR <\/span> <span class=\"no-indent first-letter-old\" style=\"font-family: Algerian, serif !important; font-weight: 500;\"> DE <\/span> <span class=\"no-indent first-letter-old\" style=\"font-family: Algerian, serif !important; font-weight: 500;\"> MALTA <\/span><\/span>, fondat \u00een anul 2019 la Bucure\u0219ti, \u00eentr-un spa\u021biu de confluen\u021b\u0103 istoric\u0103 \u00eentre R\u0103s\u0103rit \u0219i Apus. Clubul nu este o reproducere formal\u0103 a unui ordin medieval \u0219i nici o revendicare genealogic\u0103 de tip nostalgic, ci o institu\u021bie de sintez\u0103, menit\u0103 s\u0103 reactiveze acele structuri ale spiritului european care au garantat, timp de secole, ordinea, demnitatea \u0219i continuitatea civiliza\u021biei. El nu \u00ee\u0219i propune s\u0103 conserve trecutul ca relicv\u0103, ci s\u0103-l continue ca principiu viu, reprezent\u00e2nd o comunitate a celor care \u00een\u021beleg noble\u021bea ca virtute interioar\u0103 \u0219i ca responsabilitate public\u0103.<\/p>\n<p>Fundamentul filosofic \u0219i identitar al <span class=\"no-indent\" style=\"display: inline-flex; gap: 10px;\"> <span class=\"no-indent first-letter-old\" style=\"font-family: Algerian, serif !important; font-weight: 500;\"> CLUBUL <\/span> <span class=\"first-letter-old no-indent\" style=\"font-family: Algerian, serif !important; font-weight: 500;\"> CAVALERILOR <\/span> <span class=\"first-letter-old no-indent\" style=\"font-family: Algerian, serif !important; font-weight: 500;\"> DE <\/span> <span class=\"first-letter-old no-indent\" style=\"font-family: Algerian, serif !important; font-weight: 500;\"> MALTA <\/span><\/span> este constituit dintr-o Trinitate a Noble\u021bei Cavalere\u0219ti, \u00een care datoria, sensul \u0219i forma se \u00eempletesc \u00eentr-o singur\u0103 natur\u0103 a noble\u021bei. Aceast\u0103 Trinitate nu este o simpl\u0103 juxtapunere de tradi\u021bii, ci o sintez\u0103 organic\u0103, \u00een care fiecare dimensiune \u00ee\u0219i g\u0103se\u0219te \u00eemplinirea doar prin celelalte: cavalerismul occidental al datoriei, tradi\u021bia bizantin\u0103 a sensului interior \u0219i aristocra\u021bia britanic\u0103 a formei.<\/p>\n<p>Din cavalerismul occidental, mo\u0219tenitor al catolicismului efervescent \u0219i al ethosului Hospitalierilor Sf\u00e2ntului Ioan din Ierusalim, Clubul p\u0103streaz\u0103 solemnitatea devotamentului \u00een slujba omului, disciplina jertfei \u00een numele credin\u021bei \u0219i convingerea c\u0103 onoarea este o datorie. Cavalerii de Malta au fost deopotriv\u0103 r\u0103zboinici, vindec\u0103tori \u0219i diploma\u021bi, ap\u0103r\u0103tori nu doar ai hotarelor de p\u0103m\u00e2nt, ci ai hotarelor sufletului. Ei nu doar luptau, ci slujeau tr\u0103ind credin\u021ba. Crezul lor auster \u0219i magnific - Pro Fide, Pro Utilitate Hominum - reprezenta o antropologie moral\u0103 \u00een care valoarea omului era m\u0103surat\u0103 nu prin circumstan\u021be, ci prin arhitectura comportamentului s\u0103u, unde credin\u021ba, slujirea aproapelui \u0219i disciplina personal\u0103 formau o unitate indestructibil\u0103.<\/p>\n<p>Din Ortodoxia bizantin\u0103, Clubul mo\u0219tene\u0219te dimensiunea metafizic\u0103 a identit\u0103\u021bii, convingerea c\u0103 noble\u021bea nu se proclam\u0103, ci se tr\u0103ie\u0219te, c\u0103 ea nu este un titlu exterior, ci o \u00eensu\u0219ire a templului interior. Bizan\u021bul a \u00een\u021beles c\u0103 adev\u0103rata b\u0103t\u0103lie nu se d\u0103 \u00eentotdeauna la zidurile unei cet\u0103\u021bi, ci \u00een cetatea interioar\u0103 a sufletului. A fi nobil \u00eensemna a fi a\u0219ezat ontologic, \u00een armonie cu Logosul. Cavalerul cre\u0219tin nu era un simplu func\u021bionar feudal, ci un phylax \u2014 p\u0103zitor al memoriei, al ordinii divine \u0219i al continuit\u0103\u021bii culturale. A tr\u0103i nobil \u00eensemna a fi nobil, iar aceast\u0103 concep\u021bie, \u00eentemeiat\u0103 pe disciplin\u0103, liturghie \u0219i dreapt\u0103 vie\u021buire, a supravie\u021buit mult dup\u0103 ce imperiile au ars, r\u0103m\u00e2n\u00e2nd ca o sc\u00e2nteie sub cenu\u0219a istoriei.<\/p>\n<p>Din aristocra\u021bia comportamental\u0103 britanic\u0103, derivat\u0103 din tradi\u021bia protestant\u0103 \u0219i anglican\u0103, format\u0103 \u00een cultura gentleman-ului \u0219i a cluburilor elitiste londoneze, Clubul \u00eemprumut\u0103 rigoarea etichetei, elegan\u021ba tonului, sobrietatea gesturilor \u0219i cultul discre\u021biei. \u00cen acele spa\u021bii rafinate, cuv\u00e2ntul a devenit moned\u0103, conversa\u021bia \u2014 me\u0219te\u0219ug, reputa\u021bia \u2014 cetate, iar rafinamentul o disciplin\u0103 a caracterului. Acolo s-a \u00een\u021beles c\u0103 elegan\u021ba f\u0103r\u0103 integritate este vanitate \u0219i c\u0103 puterea f\u0103r\u0103 maniere este barbarie. De\u0219i nu erau ordine cavalere\u0219ti, aceste cluburi au p\u0103strat esen\u021ba cavalerismului: m\u0103re\u021bia trebuie cultivat\u0103 \u00een privat \u00eenainte de a se manifesta \u00een public. Dup\u0103 cum observa Edmund Burke, \u201cmoravurile cant\u0103resc mai mult decat legile\u201d. Aceast\u0103 tradi\u021bie a \u00een\u021beles c\u0103 noble\u021bea f\u0103r\u0103 form\u0103 se degradeaz\u0103, iar puterea f\u0103r\u0103 stil devine despotism barbar.<\/p>\n<p>Aceste trei tradi\u021bii nu coexist\u0103 \u00een <span class=\"no-indent\" style=\"display: inline-flex; gap: 10px;\"> <span class=\"no-indent first-letter-old\" style=\"font-family: Algerian, serif !important; font-weight: 500;\"> CLUBUL <\/span> <span class=\"no-indent first-letter-old\" style=\"font-family: Algerian, serif !important; font-weight: 500;\"> CAVALERILOR <\/span> <span class=\"no-indent first-letter-old\" style=\"font-family: Algerian, serif !important; font-weight: 500;\"> DE <\/span> <span class=\"no-indent first-letter-old\" style=\"font-family: Algerian, serif !important; font-weight: 500;\"> MALTA <\/span><\/span> ca elemente paralele, ci formeaz\u0103 o unitate vie, asemenea celor trei ipostaze ale unui principiu unic. Datoria occidental\u0103 f\u0103r\u0103 sensul r\u0103s\u0103ritean ar deveni o mecanic\u0103 lipsit\u0103 de lumin\u0103; spiritualitatea f\u0103r\u0103 rigoarea formei ar risca s\u0103 se dizolve \u00een abstrac\u021biune; forma britanic\u0103, f\u0103r\u0103 celelalte dou\u0103, ar r\u0103m\u00e2ne impecabil\u0103, dar steril\u0103. \u00cempreun\u0103, ele refac omul \u00eentr-o totalitate pe care modernitatea a fragmentat-o f\u0103r\u0103 a o putea \u00eenlocui.<\/p>\n<p>\u00cen centrul doctrinei Clubului se afl\u0103 \u00eens\u0103 o transfigurare simbolic\u0103 esen\u021bial\u0103, care \u00eel distinge radical \u00een peisajul contemporan: trecerea de la \u00eennobilarea prin Sabie la \u00eennobilarea prin Carte. \u00cen Evul Mediu, sabia era instrumentul consacr\u0103rii. Ritualul \u00eennobil\u0103rii sub sabie marca trecerea de la condi\u021bia comun\u0103 la cea excep\u021bional\u0103. Sabia separa, selecta, impunea ordine \u0219i ap\u0103ra grani\u021bele vizibile ale lumii. Ea era simbol al autorit\u0103\u021bii, al for\u021bei legitime \u0219i al angajamentului p\u00e2n\u0103 la sacrificiu. Cartea devine astfel simbolul sabiei luminate. Ea nu marcheaz\u0103 un rang exterior, ci o trezire interioar\u0103. Dac\u0103 sabia separa soldatul de mul\u021bime, Cartea separ\u0103 spiritul de imita\u021bie. Sabia f\u0103cea cavalerul vizibil \u00een istorie; Cartea \u00eel face necesar \u00een eternitate. Sabia conferea statut; Cartea creeaz\u0103 con\u0219tiin\u021b\u0103. \u00cennobilarea prin Carte afirm\u0103 c\u0103 adev\u0103rata aristocra\u021bie nu se dob\u00e2nde\u0219te doar prin descenden\u021b\u0103, ci \u0219i prin ascenden\u021b\u0103; nu doar prin ceea ce mo\u0219tene\u0219ti, ci \u0219i prin ceea ce \u00eendr\u0103zne\u0219ti s\u0103 devii.<\/p>\n<p>Sub emblema Crucii de Malta \u2014 simbol al celor opt fericiri \u0219i al celor patru virtu\u021bi cardinale ale Onoarei, Drept\u0103\u021bii, Credin\u021bei \u0219i Curajului \u2014 Clubul \u00ee\u0219i leag\u0103 identitatea de mo\u0219tenirea istoric\u0103 a Cavalerilor Ioani\u021bi. Crucea alb\u0103, purtat\u0103 de secole ca semn al credin\u021bei \u0219i al devotamentului, devine pentru membrii Clubului un reper moral, o chemare la echilibru, onoare \u0219i responsabilitate \u00eentr-o epoc\u0103 \u00een care aceste valori sunt adesea uitate. \u00cen acest context, sabia devine insuficient\u0103. Ea poate cuceri teritorii, dar nu poate ordona con\u0219tiin\u021be. De aceea, <span class=\"no-indent\" style=\"display: inline-flex; gap: 10px;\"> <span class=\"no-indent first-letter-old\" style=\"font-family: Algerian, serif !important; font-weight: 500;\"> CLUBUL <\/span> <span class=\"no-indent first-letter-old\" style=\"font-family: Algerian, serif !important; font-weight: 500;\"> CAVALERILOR <\/span> <span class=\"no-indent first-letter-old\" style=\"font-family: Algerian, serif !important; font-weight: 500;\"> DE <\/span> <span class=\"no-indent first-letter-old\" style=\"font-family: Algerian, serif !important; font-weight: 500;\"> MALTA <\/span><\/span> a operat o muta\u021bie doctrinar\u0103 profund\u0103 \u00een care Cartea a devenit Sabia Spiritului. Cartea simbolizeaz\u0103 Logosul, discern\u0103m\u00e2ntul, memoria, capacitatea de a separa adev\u0103rul de simulacru. Dac\u0103 sabia conferea rang, Cartea confer\u0103 etichet\u0103, cre\u00e2nd con\u0219tiin\u021b\u0103. \u00cen acest sens, educa\u021bia nu este un atribut secundar al noble\u021bei, ci \u00eens\u0103\u0219i forma ei suprem\u0103. A\u0219a cum afirma Sf\u00e2ntul Vasile cel Mare, \u201cmintea neinstruit\u0103 este o cetate f\u0103r\u0103 ziduri\u201d. \u00cennobilarea prin Carte afirm\u0103 c\u0103 aristocra\u021bia nu mai este doar genealogie, ci genesis: o na\u0219tere continu\u0103 din cultur\u0103, credin\u021b\u0103 \u0219i caracter. Sabia r\u0103m\u00e2ne prezent\u0103 ca simbol istoric al datoriei, dar Cartea devine instrumentul contemporan al selec\u021biei. Aceasta este semnifica\u021bia profund\u0103 a Clubului: transformarea cavalerismului medieval \u00een eticheta g\u00e2ndirii moderne.<\/p>\n<p>Apartenen\u021ba la Club reprezint\u0103 o recuno\u0219tere a calit\u0103\u021bilor cavalere\u0219ti \u0219lefuite prin intermediul educa\u021biei \u00eentr-o noble\u021be a g\u00e2ndirii \u0219i a manierelor specifice gentleman-ului modern. Membrii Clubului, proveni\u021bi din mediile diplomatice, academice, culturale, economice \u0219i antreprenoriale, sunt uni\u021bi de principii \u0219i criterii comune, pe care le valideaz\u0103 prin tot ceea ce \u00eentreprind, con\u0219tien\u021bi de faptul c\u0103 <span class=\"no-indent\" style=\"display: inline-flex; gap: 10px;\"> <span class=\"first-letter-old no-indent\" style=\"font-family: Algerian, serif !important; font-weight: 500;\"> CLUBUL <\/span> <span class=\"first-letter-old no-indent\" style=\"font-family: Algerian, serif !important; font-weight: 500;\"> CAVALERILOR <\/span> <span class=\"first-letter-old no-indent\" style=\"font-family: Algerian, serif !important; font-weight: 500;\"> DE <\/span> <span class=\"first-letter-old no-indent\" style=\"font-family: Algerian, serif !important; font-weight: 500;\"> MALTA <\/span><\/span> func\u021bioneaz\u0103 ca asocia\u021bie de drept privat, p\u0103str\u00e2nd o neutralitate absolut\u0103 \u00een plan politic, sindical \u0219i confesional. De aceea, \u00eentr-o lume care m\u0103soar\u0103 valoarea prin vizibilitate \u0219i posesie, Clubul o m\u0103soar\u0103 prin conduit\u0103, cultur\u0103 \u0219i discre\u021bie. El nu este un refugiu al trecutului, ci o form\u0103 de continuitate activ\u0103. Nu recreeaz\u0103 cavaleri medievali, ci formeaz\u0103 oameni capabili s\u0103 poarte \u00een ei cavalerismul ca lege interioar\u0103. Noble\u021bea nu mai este impus\u0103 prin sabie, ci asumat\u0103 prin Carte. Prin activitatea sa, Clubul promoveaz\u0103 cultura ca expresie a noble\u021bei, educa\u021bia ca temelie a viitorului, filantropia \u0219i onestitatea ca datorii morale ale celor chema\u021bi s\u0103 conduc\u0103 prin exemplu. \u00cen centrul filosofiei sale se afl\u0103 convingerea c\u0103 adev\u0103rata for\u021b\u0103 a unei elite nu rezid\u0103 \u00een privilegii, ci \u00een capacitatea de a-\u0219i asuma responsabilitatea pentru continuitatea valorilor.<\/p>\n<p>Astfel, <span style=\"display: inline-flex; gap: 10px;\"> <span class=\"no-indent first-letter-old\" style=\"font-family: Algerian, serif !important; font-weight: 500;\"> CLUBUL <\/span> <span class=\"no-indent first-letter-old\" style=\"font-family: Algerian, serif !important; font-weight: 500;\"> CAVALERILOR <\/span> <span class=\"no-indent first-letter-old\" style=\"font-family: Algerian, serif !important; font-weight: 500;\"> DE <\/span> <span class=\"no-indent first-letter-old\" style=\"font-family: Algerian, serif !important; font-weight: 500;\"> MALTA <\/span><\/span> nu este o vitrin\u0103 a trecutului, ci o \u0219coal\u0103 pentru viitor, care nu re\u00eenvie ceea ce a fost, ci restaureaz\u0103 ceea ce trebuie s\u0103 fie: o aristocra\u021bie a caracterului, nu strict a genealogiei; a scopului, nu a privilegiului; a continuit\u0103\u021bii, nu a nostalgiei. \u00centr-o lume \u00een care institu\u021biile se clatin\u0103 \u0219i identit\u0103\u021bile se dizolv\u0103, Clubul se afirm\u0103 discret, dar ferm, ca un adev\u0103r fundamental: civiliza\u021bia nu este men\u021binut\u0103 de structuri impersonale, ci de str\u0103jeri ai sensului. Ace\u0219ti str\u0103jeri nu sunt numi\u021bi; ei se recunosc \u00eentre ei, av\u00e2nd misiunea de a forma oameni demni de cavalerism, capabili s\u0103 poarte \u00een ei noble\u021bea ca pe o lege interioar\u0103. Prin aceasta, <span style=\"display: inline-flex; gap: 10px;\"> <span class=\"no-indent first-letter-old\" style=\"font-family: Algerian, serif !important; font-weight: 500;\"> CLUBUL <\/span> <span class=\"no-indent first-letter-old\" style=\"font-family: Algerian, serif !important; font-weight: 500;\"> CAVALERILOR <\/span> <span class=\"no-indent first-letter-old\" style=\"font-family: Algerian, serif !important; font-weight: 500;\"> DE <\/span> <span class=\"first-letter-old  no-indent\" style=\"font-family: Algerian, serif !important; font-weight: 500;\"> MALTA <\/span><\/span> nu doar p\u0103streaz\u0103 o mo\u0219tenire, ci \u00eei preg\u0103te\u0219te pe cei care o vor duce mai departe, dup\u0103 cum o spune \u0219i motto-ul Clubului:<\/p>\n<\/div><div class=\"bde-code-block-464-173 bde-code-block\">\n\n  <span style=\"display:inline-flex; gap:10px\"> \n <span class=\"first-letter-old\">\n\u00cen slujba credintei, a culturii si a nobletei umane!\n <\/span>\n \n <\/span>\n\n\n\n<\/div><div class=\"bde-div-464-174 bde-div\">\n  \n  \n\t\n\n\n\n<div class=\"bde-fancy-divider-464-175 bde-fancy-divider\">\n\n\n<div class=\"bde-fancy-divider__wrapper\">\n  <div class=\"bde-fancy-divider__separator\">\n  \t  <\/div>\n<\/div>\n\n<\/div><img decoding=\"async\" class=\"bde-image2-464-176 bde-image2\" src=\"https:\/\/cm.nicfurtuna.com\/wp-content\/uploads\/2025\/11\/Asset-3.svg\" loading=\"lazy\"><div class=\"bde-fancy-divider-464-177 bde-fancy-divider\">\n\n\n<div class=\"bde-fancy-divider__wrapper\">\n  <div class=\"bde-fancy-divider__separator\">\n  \t  <\/div>\n<\/div>\n\n<\/div>\n<\/div><div class=\"bde-columns-464-160 bde-columns\"><div class=\"bde-column-464-162 bde-column\">\n  \n  \n\t\n\n\n\n<div class=\"bde-div-464-165 bde-div\">\n  \n  \n\t\n\n\n\n<div class=\"bde-div-464-183 bde-div\">\n  \n  \n\t\n\n\n\n<div class=\"bde-rich-text-464-180 bde-rich-text breakdance-rich-text-styles\">\n<p class=\"no-indent\">Prof. Dr. George-Costin RUSU<\/p>\n<\/div><div class=\"bde-rich-text-464-184 bde-rich-text breakdance-rich-text-styles\">\n<p class=\"no-indent\">Presedinte \u2013 Mare Maestru<\/p>\n<\/div>\n<\/div><div class=\"bde-div-464-182 bde-div\">\n  \n  \n\t\n\n\n\n<div class=\"bde-rich-text-464-179 bde-rich-text breakdance-rich-text-styles\">\n<p class=\"no-indent\">al\u00a0<span style=\"display: inline-flex; gap: 10px;\"> <span class=\"no-indent first-letter-old\" style=\"font-family: Algerian, serif !important; font-weight: 500;\"> CLUBUL <\/span> <span class=\"no-indent first-letter-old\" style=\"font-family: Algerian, serif !important; font-weight: 500;\"> CAVALERILOR <\/span> <span class=\"no-indent first-letter-old\" style=\"font-family: Algerian, serif !important; font-weight: 500;\"> DE <\/span> <span class=\"no-indent first-letter-old\" style=\"font-family: Algerian, serif !important; font-weight: 500;\"> MALTA <\/span><\/span><\/p>\n<\/div><div class=\"bde-rich-text-464-181 bde-rich-text breakdance-rich-text-styles\">\n<p class=\"no-indent\"><span style=\"display: inline-flex; gap: 10px;\"> <span class=\"no-indent first-letter-old\" style=\"font-family: Algerian, serif !important; font-weight: 500;\"> THE <\/span> <span class=\"no-indent first-letter-old\" style=\"font-family: Algerian, serif !important; font-weight: 500;\"> KNIGHTS <\/span> <span class=\"no-indent first-letter-old\" style=\"font-family: Algerian, serif !important; font-weight: 500;\"> OF <\/span> <span class=\"no-indent first-letter-old\" style=\"font-family: Algerian, serif !important; font-weight: 500;\"> MALTA <\/span> <span class=\"no-indent first-letter-old\" style=\"font-family: Algerian, serif !important; font-weight: 500;\"> CLUB <\/span><\/span><\/p>\n<\/div>\n<\/div>\n<\/div>\n<\/div><div class=\"bde-column-464-161 bde-column\">\n  \n  \n\t\n\n\n\n<img decoding=\"async\" class=\"bde-image2-464-163 bde-image2\" src=\"https:\/\/cm.nicfurtuna.com\/wp-content\/uploads\/2025\/11\/About-1.webp\" loading=\"lazy\" srcset=\"https:\/\/cm.nicfurtuna.com\/wp-content\/uploads\/2025\/11\/About-1.webp 1467w, https:\/\/cm.nicfurtuna.com\/wp-content\/uploads\/2025\/11\/About-1-200x300.webp 200w, https:\/\/cm.nicfurtuna.com\/wp-content\/uploads\/2025\/11\/About-1-683x1024.webp 683w, https:\/\/cm.nicfurtuna.com\/wp-content\/uploads\/2025\/11\/About-1-768x1152.webp 768w, https:\/\/cm.nicfurtuna.com\/wp-content\/uploads\/2025\/11\/About-1-1024x1536.webp 1024w, https:\/\/cm.nicfurtuna.com\/wp-content\/uploads\/2025\/11\/About-1-1366x2048.webp 1366w\" sizes=\"(max-width: 1467px) 100vw, 1467px\">\n<\/div><\/div>\n<\/div><\/div>\n<\/section>","protected":false},"excerpt":{"rendered":"<p>O Trinitate a Nobletei Cavaleresti Exist\u0103 epoci \u00een care civiliza\u021biile nu \u00eenceteaz\u0103 s\u0103 existe, ci \u00eenceteaz\u0103 s\u0103 se mai recunoasc\u0103 pe sine. Ele nu se pr\u0103bu\u0219esc spectaculos, ci se estompeaz\u0103 lent, pierz\u00e2nd nu at\u00e2t institu\u021biile, c\u00e2t esen\u021ba; nu at\u00e2t teritoriile, c\u00e2t criteriile; nu at\u00e2t formele, c\u00e2t memoria sensului care le-a dat via\u021b\u0103. \u00cen asemenea vremuri, [&hellip;]<\/p>","protected":false},"author":1,"featured_media":0,"parent":0,"menu_order":0,"comment_status":"closed","ping_status":"closed","template":"","meta":{"_acf_changed":false,"_breakdance_hide_in_design_set":false,"_breakdance_tags":"","footnotes":""},"class_list":["post-464","page","type-page","status-publish","hentry"],"acf":[],"_links":{"self":[{"href":"https:\/\/cm.nicfurtuna.com\/en\/wp-json\/wp\/v2\/pages\/464","targetHints":{"allow":["GET"]}}],"collection":[{"href":"https:\/\/cm.nicfurtuna.com\/en\/wp-json\/wp\/v2\/pages"}],"about":[{"href":"https:\/\/cm.nicfurtuna.com\/en\/wp-json\/wp\/v2\/types\/page"}],"author":[{"embeddable":true,"href":"https:\/\/cm.nicfurtuna.com\/en\/wp-json\/wp\/v2\/users\/1"}],"replies":[{"embeddable":true,"href":"https:\/\/cm.nicfurtuna.com\/en\/wp-json\/wp\/v2\/comments?post=464"}],"version-history":[{"count":95,"href":"https:\/\/cm.nicfurtuna.com\/en\/wp-json\/wp\/v2\/pages\/464\/revisions"}],"predecessor-version":[{"id":1070,"href":"https:\/\/cm.nicfurtuna.com\/en\/wp-json\/wp\/v2\/pages\/464\/revisions\/1070"}],"wp:attachment":[{"href":"https:\/\/cm.nicfurtuna.com\/en\/wp-json\/wp\/v2\/media?parent=464"}],"curies":[{"name":"wp","href":"https:\/\/api.w.org\/{rel}","templated":true}]}}