{"id":32,"date":"2025-10-09T06:17:17","date_gmt":"2025-10-09T06:17:17","guid":{"rendered":"https:\/\/cm.nicfurtuna.com\/?page_id=32"},"modified":"2026-01-18T07:59:44","modified_gmt":"2026-01-18T07:59:44","slug":"acasa","status":"publish","type":"page","link":"https:\/\/cm.nicfurtuna.com\/en\/","title":{"rendered":"Acas\u0103"},"content":{"rendered":"<section class=\"bde-section-32-100 bde-section\">\n  \n  \n\t\n\n\n\n<div class=\"section-container\"><\/div>\n<\/section><section class=\"bde-section-32-104 bde-section\">\n              \n  \n  \n\t\n\n  <div class=\"section-background-overlay\"><\/div>\n\n\n<div class=\"section-container\"><div class=\"bde-div-32-203 bde-div\">\n  \n  \n\t\n\n\n\n<div class=\"bde-div-32-103 bde-div\">\n  \n  \n\t\n\n\n\n<img decoding=\"async\" class=\"bde-image2-32-205 bde-image2\" src=\"https:\/\/cm.nicfurtuna.com\/wp-content\/uploads\/2025\/11\/Vultur-black.png\" loading=\"lazy\" srcset=\"https:\/\/cm.nicfurtuna.com\/wp-content\/uploads\/2025\/11\/Vultur-black.png 916w, https:\/\/cm.nicfurtuna.com\/wp-content\/uploads\/2025\/11\/Vultur-black-300x295.png 300w, https:\/\/cm.nicfurtuna.com\/wp-content\/uploads\/2025\/11\/Vultur-black-768x755.png 768w\" sizes=\"(max-width: 916px) 100vw, 916px\"><div class=\"bde-text-32-204 bde-text\">\n<br>\n<\/div><div class=\"bde-div-32-309 bde-div\">\n  \n  \n\t\n\n\n\n<div class=\"bde-div-32-125 bde-div mix-font-words\">\n  \n  \n\t\n\n\n\n<div class=\"bde-code-block-32-310 bde-code-block\">\n\n    <span class=\"first-letter-old\">\n   Cu sabia in mana si cartea deopotriva, <\/br>\nIluminam credinta si mintea colectiva,<\/br>\nCei intelepti purtand faclia plini de har,<\/br>\nDucand lumina vietii spre margini de hotar.\n  <\/span>\n \n\n\n<\/div>\n<\/div><div class=\"bde-div-32-337 bde-div\">\n  \n  \n\t\n\n\n\n<div class=\"bde-fancy-divider-32-338 bde-fancy-divider\">\n\n\n<div class=\"bde-fancy-divider__wrapper\">\n  <div class=\"bde-fancy-divider__separator\">\n  \t  <\/div>\n<\/div>\n\n<\/div><img decoding=\"async\" class=\"bde-image2-32-339 bde-image2\" src=\"https:\/\/cm.nicfurtuna.com\/wp-content\/uploads\/2025\/11\/Asset-3.svg\" loading=\"lazy\"><div class=\"bde-fancy-divider-32-340 bde-fancy-divider\">\n\n\n<div class=\"bde-fancy-divider__wrapper\">\n  <div class=\"bde-fancy-divider__separator\">\n  \t  <\/div>\n<\/div>\n\n<\/div>\n<\/div>\n<\/div>\n<\/div><div class=\"bde-rich-text-32-311 bde-rich-text breakdance-rich-text-styles\">\n<p>Un club al curajului, al credin\u021bei, al noble\u021bei \u0219i al devotamentului fa\u021b\u0103 de valorile vechi \u0219i eterne. Inspirat din rigoarea\u00a0Cavalerilor de Malta\u00a0\u0219i din rafinamentul\u00a0cluburilor aristocratice britanice, noi construim pun\u021bi \u00eentre lumi, \u00eentre tradi\u021bii, \u00eentre suflete.<\/p>\n<\/div>\n<\/div><\/div>\n<\/section><section class=\"bde-section-32-114 bde-section\">\n  \n  \n\t\n\n\n\n<div class=\"section-container\"><div class=\"bde-columns-32-198 bde-columns\"><div class=\"bde-column-32-200 bde-column\">\n  \n  \n\t\n\n\n\n<div class=\"bde-div-32-115 bde-div mix-font\">\n  \n  \n\t\n\n\n\n<div class=\"bde-code-block-32-194 bde-code-block\">\n\n  <div class=\"verse-reveal\" \n     data-line-delay=\"2300\" \n     data-stanza-delay=\"2000\">\n<div class=\"stanza no-indent\">\n<p class=\"no-indent\">\u00cembin\u00e2nd cavalerismul cu un club \u00een stil britanic,<\/p>\n<p class=\"no-indent\">A ap\u0103rut ca prin minune, dezvolt\u00e2ndu-se organic,<\/p>\n<p class=\"no-indent\">Un club ce acum \u00eesi zice, \u00eembin\u00e2nd una cu alta:<\/p>\n<p class=\"no-indent\"><span style=\"display:inline-flex; gap:8px;\">\n  <span class=\"no-indent first-letter-old\">\nCLUBUL\n <\/span>\n <span class=\"no-indent first-letter-old\">\n     CAVALERILOR\n <\/span>\n <span class=\"no-indent first-letter-old\">\n     DE \n <\/span>\n <span class=\"no-indent first-letter-old\">\n     MALTA!\n  <\/span> \n<\/span><\/p>\n  <\/div>\n  <div class=\"stanza\">\n    <p class=\"no-indent\">Un lacas al excelentei, sanctuar de-nnobilare,<\/p>\n    <p class=\"no-indent\">Destinat a da lumina generatiilor viitoare,<\/p>\n    <p class=\"no-indent\">De-o anume eticheta, precum un nobil nabab,<\/p>\n    <p class=\"no-indent\">Se numeste, in engleza: <span style=\"display:inline-flex; gap:8px;\">\n  <span class=\"no-indent first-letter-old\">\nTHE\n <\/span>\n <span class=\"no-indent first-letter-old\">\n     KNIGHTS\n <\/span>\n <span class=\"no-indent first-letter-old\">\n     OF \n <\/span>\n <span class=\"no-indent first-letter-old\">\n     MALTA\n  <\/span>\n <span class=\"no-indent first-letter-old\">\n     CLUB! \n  <\/span>\n<\/span><\/p>\n  <\/div>\n  <!-- Counter -->\n  <div class=\"stanza-counter\"><\/div>\n<\/div>\n\n\n\n<\/div>\n<\/div>\n<\/div><div class=\"bde-column-32-199 bde-column\">\n  \n  \n\t\n\n\n\n<img decoding=\"async\" class=\"bde-image2-32-201 bde-image2 img-pulse-glow\" src=\"https:\/\/cm.nicfurtuna.com\/wp-content\/uploads\/2025\/11\/ba35d5dc-011b-4d99-a3ad-5813c1d71486-1.webp\" loading=\"lazy\" srcset=\"https:\/\/cm.nicfurtuna.com\/wp-content\/uploads\/2025\/11\/ba35d5dc-011b-4d99-a3ad-5813c1d71486-1.webp 1920w, https:\/\/cm.nicfurtuna.com\/wp-content\/uploads\/2025\/11\/ba35d5dc-011b-4d99-a3ad-5813c1d71486-1-300x300.webp 300w, https:\/\/cm.nicfurtuna.com\/wp-content\/uploads\/2025\/11\/ba35d5dc-011b-4d99-a3ad-5813c1d71486-1-1024x1024.webp 1024w, https:\/\/cm.nicfurtuna.com\/wp-content\/uploads\/2025\/11\/ba35d5dc-011b-4d99-a3ad-5813c1d71486-1-150x150.webp 150w, https:\/\/cm.nicfurtuna.com\/wp-content\/uploads\/2025\/11\/ba35d5dc-011b-4d99-a3ad-5813c1d71486-1-768x768.webp 768w, https:\/\/cm.nicfurtuna.com\/wp-content\/uploads\/2025\/11\/ba35d5dc-011b-4d99-a3ad-5813c1d71486-1-1536x1536.webp 1536w\" sizes=\"(max-width: 1920px) 100vw, 1920px\">\n<\/div><\/div><\/div>\n<\/section><section class=\"bde-section-32-241 bde-section\">\n              \n  \n  \n\t\n\n  <div class=\"section-background-overlay\"><\/div>\n\n\n<div class=\"section-container\"><div class=\"bde-button-32-305 bde-button\">\n    \n                                    \n    \n    \n    \n    \n            \n                    \n            \n            \n\n    \n    \n    \n    \n    \n    <a class=\"breakdance-link button-atom button-atom--primary bde-button__button\" href=\"#mostenirea-noastra\" target=\"_self\" data-type=\"url\"  >\n\n    \n        <span class=\"button-atom__text\">Afl\u0103 mo\u0219tenirea noastr\u0103<\/span>\n\n        \n        \n                <\/a>\n\n    \n\n\n<\/div><\/div>\n<\/section><section class=\"bde-section-32-333 bde-section\">\n              \n  \n  \n\t\n\n  <div class=\"section-background-overlay\"><\/div>\n\n\n<div class=\"section-container\"><div class=\"bde-fancy-divider-32-334 bde-fancy-divider\">\n\n\n<div class=\"bde-fancy-divider__wrapper\">\n  <div class=\"bde-fancy-divider__separator\">\n  \t  <\/div>\n<\/div>\n\n<\/div><img decoding=\"async\" class=\"bde-image2-32-335 bde-image2\" src=\"https:\/\/cm.nicfurtuna.com\/wp-content\/uploads\/2025\/11\/Asset-3.svg\" loading=\"lazy\"><div class=\"bde-fancy-divider-32-336 bde-fancy-divider\">\n\n\n<div class=\"bde-fancy-divider__wrapper\">\n  <div class=\"bde-fancy-divider__separator\">\n  \t  <\/div>\n<\/div>\n\n<\/div><\/div>\n<\/section><section class=\"bde-section-32-108 bde-section\">\n              \n  \n  \n\t\n\n  <div class=\"section-background-overlay\"><\/div>\n\n\n<div class=\"section-container\"><div class=\"bde-columns-32-208 bde-columns\"><div class=\"bde-column-32-209 bde-column\">\n  \n  \n\t\n\n\n\n<img decoding=\"async\" class=\"bde-image2-32-211 bde-image2\" src=\"https:\/\/cm.nicfurtuna.com\/wp-content\/uploads\/2025\/11\/Istoric-1-1.webp\" loading=\"lazy\" srcset=\"https:\/\/cm.nicfurtuna.com\/wp-content\/uploads\/2025\/11\/Istoric-1-1.webp 1280w, https:\/\/cm.nicfurtuna.com\/wp-content\/uploads\/2025\/11\/Istoric-1-1-200x300.webp 200w, https:\/\/cm.nicfurtuna.com\/wp-content\/uploads\/2025\/11\/Istoric-1-1-683x1024.webp 683w, https:\/\/cm.nicfurtuna.com\/wp-content\/uploads\/2025\/11\/Istoric-1-1-768x1152.webp 768w, https:\/\/cm.nicfurtuna.com\/wp-content\/uploads\/2025\/11\/Istoric-1-1-1024x1536.webp 1024w\" sizes=\"(max-width: 1280px) 100vw, 1280px\">\n<\/div><div class=\"bde-column-32-210 bde-column\">\n  \n  \n\t\n\n\n\n<div class=\"bde-text-32-191 bde-text\">\nIstoria Cavalerilor de Malta \u00eencepe \u00een jurul anului 1048, atunci c\u00e2nd un grup de negustori din Amalfi au pus bazele, la Ierusalim, a unui loc de popas pentru pelerinii care veneau la Sf\u00e2ntul Morm\u00e2nt.<br>Acest loc, cu sprijinul c\u0103lug\u0103rilor benedictini, s-a transformat \u00eent\u00e2i \u00eentr-un lazaret pentru \u00eengrijirea pelerinilor, iar mai apoi, odat\u0103 cu cucerirea Ierusalimului \u00een anul 1099 de c\u0103tre cavalerii apuseni ai primei cruciade, \u00eentr-un spital administrat de c\u0103lug\u0103rii nou creatului Ordin al Cavalerilor Hospitalieri ai Sf\u00e2ntului Ioan din Ierusalim, recunoscu\u021bi de c\u0103tre Papa Paschal II prin bula papal\u0103 ,,Piae Postulatio \u201d din 15 februarie 1113.<br><br>\n<\/div>\n<\/div><\/div><div class=\"bde-columns-32-213 bde-columns\"><div class=\"bde-column-32-216 bde-column\">\n  \n  \n\t\n\n\n\n<div class=\"bde-text-32-217 bde-text\">\nOrdinului Cavalerilor Hospitalieri ai Sf\u00e2ntului Ioan din Ierusalim a luat ca emblem\u0103 crucea \u00een opt col\u021buri, reprezent\u00e2nd cele opt fericiri, iar ca motto:\n<\/div>\n<\/div><div class=\"bde-column-32-214 bde-column\">\n  \n  \n\t\n\n\n\n<img decoding=\"async\" class=\"bde-image2-32-215 bde-image2\" src=\"https:\/\/cm.nicfurtuna.com\/wp-content\/uploads\/2025\/11\/Istoric-2-1.webp\" loading=\"lazy\" srcset=\"https:\/\/cm.nicfurtuna.com\/wp-content\/uploads\/2025\/11\/Istoric-2-1.webp 1920w, https:\/\/cm.nicfurtuna.com\/wp-content\/uploads\/2025\/11\/Istoric-2-1-300x200.webp 300w, https:\/\/cm.nicfurtuna.com\/wp-content\/uploads\/2025\/11\/Istoric-2-1-1024x683.webp 1024w, https:\/\/cm.nicfurtuna.com\/wp-content\/uploads\/2025\/11\/Istoric-2-1-768x512.webp 768w, https:\/\/cm.nicfurtuna.com\/wp-content\/uploads\/2025\/11\/Istoric-2-1-1536x1024.webp 1536w\" sizes=\"(max-width: 1920px) 100vw, 1920px\">\n<\/div><\/div><div class=\"bde-div-32-220 bde-div mix-font\">\n  \n  \n\t\n\n\n\n<img decoding=\"async\" class=\"bde-image2-32-272 bde-image2\" src=\"https:\/\/cm.nicfurtuna.com\/wp-content\/uploads\/2025\/11\/Vultur-black.png\" loading=\"lazy\" srcset=\"https:\/\/cm.nicfurtuna.com\/wp-content\/uploads\/2025\/11\/Vultur-black.png 916w, https:\/\/cm.nicfurtuna.com\/wp-content\/uploads\/2025\/11\/Vultur-black-300x295.png 300w, https:\/\/cm.nicfurtuna.com\/wp-content\/uploads\/2025\/11\/Vultur-black-768x755.png 768w\" sizes=\"(max-width: 916px) 100vw, 916px\"><h1 class=\"bde-heading-32-221 bde-heading mix-font\">\n\u00cen slujba credintei, a culturii si a nobletei umane!\n<\/h1>\n<\/div><div class=\"bde-columns-32-222 bde-columns\"><div class=\"bde-column-32-223 bde-column\">\n  \n  \n\t\n\n\n\n<img decoding=\"async\" class=\"bde-image2-32-224 bde-image2\" src=\"https:\/\/cm.nicfurtuna.com\/wp-content\/uploads\/2025\/11\/Istoric-3-1.webp\" loading=\"lazy\" srcset=\"https:\/\/cm.nicfurtuna.com\/wp-content\/uploads\/2025\/11\/Istoric-3-1.webp 1920w, https:\/\/cm.nicfurtuna.com\/wp-content\/uploads\/2025\/11\/Istoric-3-1-300x200.webp 300w, https:\/\/cm.nicfurtuna.com\/wp-content\/uploads\/2025\/11\/Istoric-3-1-1024x683.webp 1024w, https:\/\/cm.nicfurtuna.com\/wp-content\/uploads\/2025\/11\/Istoric-3-1-768x512.webp 768w, https:\/\/cm.nicfurtuna.com\/wp-content\/uploads\/2025\/11\/Istoric-3-1-1536x1024.webp 1536w\" sizes=\"(max-width: 1920px) 100vw, 1920px\">\n<\/div><div class=\"bde-column-32-225 bde-column\">\n  \n  \n\t\n\n\n\n<div class=\"bde-text-32-226 bde-text\">\nOcuparea de c\u0103tre Napoleon a insulei Malta \u00een anul 1798, declan\u0219eaz\u0103 un \u0219ir de evenimente care conduc la dec\u0103derea din drepturi a Marelui Maestru von Hompesch \u0219i alegerea Marelui Maestru \u00een persoana \u021aarului Pavel I al Rusiei, de confesiune ortodox\u0103, care devine astfel cel de al 70-lea Mare Maestru al Ordinului Cavalerilor Hospitalieri ai Sf\u00e2ntului Ioan de la Ierusalim (13.11.1798). Acest fapt este recunoscut de Papa Pius al VI- lea prin bula ,,Pastolarium nobis\u201d.\n<\/div>\n<\/div><\/div><div class=\"bde-div-32-271 bde-div\">\n  \n  \n\t\n\n\n\n<div class=\"bde-text-32-212 bde-text\">\nDup\u0103 ce s-au terminat r\u0103zboaiele napoleoniene, o parte dintre cavaleri s-au \u00eentors \u00een \u021b\u0103rile lor de origine, unde au continuat s\u0103 respecte tradi\u021biile cavalere\u0219ti, pun\u00e2ndu-se sub protec\u021bia unor case regale. Astfel au procedat cavalerii englezi \u0219i sco\u021bieni, care s-au pus sub protec\u021bia coroanei britanice. Ca urmare, crucea de Malta este prezent\u0103 ast\u0103zi la nobilii britanici \u00een ceremoniile organizate \u00een Regatul Unit. Acela\u0219i lucru se \u00eent\u00e2mpl\u0103 \u00een Suedia \u0219i \u00een statele fostului Imperiu German.<br>\u200bO alt\u0103 parte dintre cavaleri au r\u0103mas \u00een Imperiul Rus, iar apoi urma\u0219ii lor au emigrat \u00een S.U.A. \u00eenso\u021bindu-l pe Marele Duce Nicolae.\n<\/div>\n<\/div><div class=\"bde-columns-32-229 bde-columns\"><div class=\"bde-column-32-232 bde-column\">\n  \n  \n\t\n\n\n\n<div class=\"bde-text-32-233 bde-text\">\n\u200bPrioratul american al Ordinului Cavalerilor de Malta a fost consacrat la New York \u00een 10 ianuarie 1908.<br>\u200b\u00cen anul 1976, mo\u0219tenitorul Casei Regale Paterno Castello de Valencia \u0219i Sardinia, Principele Roberto al II-lea de Paterno Castello Guttadauro, Principe de Valencia, d\u2019Ayerbe, d\u2019Aragona, de Carcaci \u0219i d\u2019Emmanuel, devine cel de-al 73-lea Mare Maestru al Ordinului Cavalerilor de Malta, aduc\u00e2nd Ordinul din S.U.A \u00een Europa.\n<\/div>\n<\/div><div class=\"bde-column-32-230 bde-column\">\n  \n  \n\t\n\n\n\n<img decoding=\"async\" class=\"bde-image2-32-231 bde-image2\" src=\"https:\/\/cm.nicfurtuna.com\/wp-content\/uploads\/2025\/11\/Istoric-4-1.webp\" loading=\"lazy\" srcset=\"https:\/\/cm.nicfurtuna.com\/wp-content\/uploads\/2025\/11\/Istoric-4-1.webp 1920w, https:\/\/cm.nicfurtuna.com\/wp-content\/uploads\/2025\/11\/Istoric-4-1-300x200.webp 300w, https:\/\/cm.nicfurtuna.com\/wp-content\/uploads\/2025\/11\/Istoric-4-1-1024x683.webp 1024w, https:\/\/cm.nicfurtuna.com\/wp-content\/uploads\/2025\/11\/Istoric-4-1-768x512.webp 768w, https:\/\/cm.nicfurtuna.com\/wp-content\/uploads\/2025\/11\/Istoric-4-1-1536x1024.webp 1536w\" sizes=\"(max-width: 1920px) 100vw, 1920px\">\n<\/div><\/div><div class=\"bde-text-32-234 bde-text\">\nAst\u0103zi, exist\u0103 mai multe ramuri descendente din vechiul Ordin Ioanit \u0219i Hospitalier, continu\u00e2nd tradi\u021bia \u0219i valorile Cavalerilor de Malta, men\u021bin\u00e2nd acela\u0219i simbolism, heraldic\u0103 \u0219i acelea\u0219i ritualuri, adaptate \u00eens\u0103 valorilor contemporane specifice culturii \u0219i religiei sub care au evoluat. <br>\n<\/div><div class=\"bde-code-block-32-341 bde-code-block\">\n\n  <span style=\"display:inline-flex; gap:10px\"> \n <span class=\"first-letter-old\">\nTraditia ne uneste. Onoarea ne defineste.\n <\/span>\n \n <\/span>\n\n\n\n<\/div><\/div>\n<\/section><section id=\"mostenirea-noastra\" class=\"bde-section-32-328 bde-section\">\n              \n  \n  \n\t\n\n  <div class=\"section-background-overlay\"><\/div>\n\n\n<div class=\"section-container\"><div class=\"bde-div-32-332 bde-div\">\n  \n  \n\t\n\n\n\n<div class=\"bde-fancy-divider-32-329 bde-fancy-divider\">\n\n\n<div class=\"bde-fancy-divider__wrapper\">\n  <div class=\"bde-fancy-divider__separator\">\n  \t  <\/div>\n<\/div>\n\n<\/div><img decoding=\"async\" class=\"bde-image2-32-330 bde-image2\" src=\"https:\/\/cm.nicfurtuna.com\/wp-content\/uploads\/2025\/11\/Asset-3.svg\" loading=\"lazy\"><div class=\"bde-fancy-divider-32-331 bde-fancy-divider\">\n\n\n<div class=\"bde-fancy-divider__wrapper\">\n  <div class=\"bde-fancy-divider__separator\">\n  \t  <\/div>\n<\/div>\n\n<\/div>\n<\/div><\/div>\n<\/section><section class=\"bde-section-32-165 bde-section\">\n              \n  \n  \n\t\n\n  <div class=\"section-background-overlay\"><\/div>\n\n\n<div class=\"section-container\"><div class=\"bde-grid-32-166 bde-grid\">\n  \n  \n\t\n\n\n\n<div class=\"bde-div-32-167 bde-div\">\n  \n  \n\t\n\n\n\n<div class=\"bde-div-32-249 bde-div\">\n  \n  \n\t\n\n\n\n<h4 class=\"bde-heading-32-168 bde-heading mix-font\">\n1. Spirit Cavaleresc\n<\/h4><img decoding=\"async\" class=\"bde-image2-32-206 bde-image2\" src=\"https:\/\/cm.nicfurtuna.com\/wp-content\/uploads\/2025\/11\/Vultur-black.png\" loading=\"lazy\" srcset=\"https:\/\/cm.nicfurtuna.com\/wp-content\/uploads\/2025\/11\/Vultur-black.png 916w, https:\/\/cm.nicfurtuna.com\/wp-content\/uploads\/2025\/11\/Vultur-black-300x295.png 300w, https:\/\/cm.nicfurtuna.com\/wp-content\/uploads\/2025\/11\/Vultur-black-768x755.png 768w\" sizes=\"(max-width: 916px) 100vw, 916px\">\n<\/div><div class=\"bde-text-32-169 bde-text\">\nCultiv\u0103m valorile nobile ale cavalerismului manifestate printr-un cod al onoarei, demnit\u0103\u021bii, corectitudinii \u0219i respectului reciproc.<br>\n<\/div>\n<\/div><div class=\"bde-div-32-170 bde-div\">\n  \n  \n\t\n\n\n\n<div class=\"bde-div-32-250 bde-div\">\n  \n  \n\t\n\n\n\n<h4 class=\"bde-heading-32-171 bde-heading mix-font\">\n2. Diplomatie<br>\n<\/h4><img decoding=\"async\" class=\"bde-image2-32-207 bde-image2\" src=\"https:\/\/cm.nicfurtuna.com\/wp-content\/uploads\/2025\/11\/Dipolmatie01.png\" loading=\"lazy\" srcset=\"https:\/\/cm.nicfurtuna.com\/wp-content\/uploads\/2025\/11\/Dipolmatie01.png 1184w, https:\/\/cm.nicfurtuna.com\/wp-content\/uploads\/2025\/11\/Dipolmatie01-300x219.png 300w, https:\/\/cm.nicfurtuna.com\/wp-content\/uploads\/2025\/11\/Dipolmatie01-1024x747.png 1024w, https:\/\/cm.nicfurtuna.com\/wp-content\/uploads\/2025\/11\/Dipolmatie01-768x560.png 768w\" sizes=\"(max-width: 1184px) 100vw, 1184px\">\n<\/div><div class=\"bde-text-32-172 bde-text\">\nConstruim pun\u021bi \u00eentre culturi \u0219i organiza\u021bii din \u00eentreaga lume pentru a promova cooperarea \u00een mai multe domenii la nivel interna\u021bional.<br>\n<\/div>\n<\/div><div class=\"bde-div-32-173 bde-div\">\n  \n  \n\t\n\n\n\n<div class=\"bde-div-32-253 bde-div\">\n  \n  \n\t\n\n\n\n<h4 class=\"bde-heading-32-174 bde-heading mix-font\">\n3. Excelenta Academica<br>\n<\/h4><img decoding=\"async\" class=\"bde-image2-32-235 bde-image2\" src=\"https:\/\/cm.nicfurtuna.com\/wp-content\/uploads\/2025\/11\/excelenta-academica04.png\" loading=\"lazy\" srcset=\"https:\/\/cm.nicfurtuna.com\/wp-content\/uploads\/2025\/11\/excelenta-academica04.png 931w, https:\/\/cm.nicfurtuna.com\/wp-content\/uploads\/2025\/11\/excelenta-academica04-300x300.png 300w, https:\/\/cm.nicfurtuna.com\/wp-content\/uploads\/2025\/11\/excelenta-academica04-150x150.png 150w, https:\/\/cm.nicfurtuna.com\/wp-content\/uploads\/2025\/11\/excelenta-academica04-768x768.png 768w\" sizes=\"(max-width: 931px) 100vw, 931px\">\n<\/div><div class=\"bde-text-32-175 bde-text\">\nSus\u021binem cercetarea, mentoratul, educa\u021bia modern\u0103 \u0219i dezvoltarea personal\u0103 \u0219i profesional\u0103, prin parteneriate cu universit\u0103\u021bi \u0219i institute de elit\u0103 din \u00eentreaga lume.\n<\/div>\n<\/div><div class=\"bde-div-32-176 bde-div\">\n  \n  \n\t\n\n\n\n<div class=\"bde-div-32-255 bde-div\">\n  \n  \n\t\n\n\n\n<h4 class=\"bde-heading-32-177 bde-heading mix-font\">\n4. Sanatate pentru Umanitate\n<\/h4><img decoding=\"async\" class=\"bde-image2-32-236 bde-image2\" src=\"https:\/\/cm.nicfurtuna.com\/wp-content\/uploads\/2025\/11\/sanatate-pentru-umanitate04.png\" loading=\"lazy\" srcset=\"https:\/\/cm.nicfurtuna.com\/wp-content\/uploads\/2025\/11\/sanatate-pentru-umanitate04.png 870w, https:\/\/cm.nicfurtuna.com\/wp-content\/uploads\/2025\/11\/sanatate-pentru-umanitate04-300x282.png 300w, https:\/\/cm.nicfurtuna.com\/wp-content\/uploads\/2025\/11\/sanatate-pentru-umanitate04-768x722.png 768w\" sizes=\"(max-width: 870px) 100vw, 870px\">\n<\/div><div class=\"bde-text-32-178 bde-text\">\nNe implic\u0103m \u00een educa\u021bie \u0219i proiecte medicale, promov\u00e2nd abord\u0103ri profilactice \u0219i acces egal la tratamente medicale moderne, prin intermediul diploma\u021biei medicale.\n<\/div>\n<\/div><div class=\"bde-div-32-179 bde-div\">\n  \n  \n\t\n\n\n\n<div class=\"bde-div-32-257 bde-div\">\n  \n  \n\t\n\n\n\n<h4 class=\"bde-heading-32-180 bde-heading mix-font\">\n5. Solidaritate Sociala\n<\/h4><img decoding=\"async\" class=\"bde-image2-32-238 bde-image2\" src=\"https:\/\/cm.nicfurtuna.com\/wp-content\/uploads\/2025\/11\/solidaritate-sociala02.png\" loading=\"lazy\" srcset=\"https:\/\/cm.nicfurtuna.com\/wp-content\/uploads\/2025\/11\/solidaritate-sociala02.png 956w, https:\/\/cm.nicfurtuna.com\/wp-content\/uploads\/2025\/11\/solidaritate-sociala02-300x300.png 300w, https:\/\/cm.nicfurtuna.com\/wp-content\/uploads\/2025\/11\/solidaritate-sociala02-150x150.png 150w, https:\/\/cm.nicfurtuna.com\/wp-content\/uploads\/2025\/11\/solidaritate-sociala02-768x768.png 768w\" sizes=\"(max-width: 956px) 100vw, 956px\">\n<\/div><div class=\"bde-text-32-181 bde-text\">\nSus\u021binem copiii talenta\u021bi, proiecte umanitare \u0219i activit\u0103\u021bi caritabile, filantropice \u0219i de mecenat.\n<\/div>\n<\/div><div class=\"bde-div-32-182 bde-div\">\n  \n  \n\t\n\n\n\n<div class=\"bde-div-32-259 bde-div\">\n  \n  \n\t\n\n\n\n<h4 class=\"bde-heading-32-183 bde-heading mix-font\">\n6. Promovarea Elitelor<br>\n<\/h4><img decoding=\"async\" class=\"bde-image2-32-237 bde-image2\" src=\"https:\/\/cm.nicfurtuna.com\/wp-content\/uploads\/2025\/11\/promovarea-elitelor03.png\" loading=\"lazy\" srcset=\"https:\/\/cm.nicfurtuna.com\/wp-content\/uploads\/2025\/11\/promovarea-elitelor03.png 826w, https:\/\/cm.nicfurtuna.com\/wp-content\/uploads\/2025\/11\/promovarea-elitelor03-300x265.png 300w, https:\/\/cm.nicfurtuna.com\/wp-content\/uploads\/2025\/11\/promovarea-elitelor03-768x678.png 768w\" sizes=\"(max-width: 826px) 100vw, 826px\">\n<\/div><div class=\"bde-text-32-184 bde-text\">\nSus\u021binem reprezentan\u021bii de seam\u0103 ai culturii universale \u0219i valorile nobile ale istoriei \u0219i tradi\u021biei cavalere\u0219ti, prin viziunea unui club de tip britanic.\n<\/div>\n<\/div><div class=\"bde-div-32-185 bde-div\">\n  \n  \n\t\n\n\n\n<div class=\"bde-div-32-261 bde-div\">\n  \n  \n\t\n\n\n\n<h4 class=\"bde-heading-32-186 bde-heading mix-font\">\n7. Inovatie si Tehnologie<br>\n<\/h4><img decoding=\"async\" class=\"bde-image2-32-239 bde-image2\" src=\"https:\/\/cm.nicfurtuna.com\/wp-content\/uploads\/2025\/11\/Stiinta-si-tehnica02.png\" loading=\"lazy\" srcset=\"https:\/\/cm.nicfurtuna.com\/wp-content\/uploads\/2025\/11\/Stiinta-si-tehnica02.png 816w, https:\/\/cm.nicfurtuna.com\/wp-content\/uploads\/2025\/11\/Stiinta-si-tehnica02-300x219.png 300w, https:\/\/cm.nicfurtuna.com\/wp-content\/uploads\/2025\/11\/Stiinta-si-tehnica02-768x561.png 768w\" sizes=\"(max-width: 816px) 100vw, 816px\">\n<\/div><div class=\"bde-text-32-187 bde-text\">\nSprijinim proiecte de nanotehnologie, IA \u0219i robotic\u0103, cu aplicabilitate social\u0103, educa\u021bional\u0103 \u0219i medical\u0103.\n<\/div>\n<\/div><div class=\"bde-div-32-188 bde-div\">\n  \n  \n\t\n\n\n\n<div class=\"bde-div-32-263 bde-div\">\n  \n  \n\t\n\n\n\n<h4 class=\"bde-heading-32-189 bde-heading mix-font\">\n8. Diplomatie Economica\n<\/h4><img decoding=\"async\" class=\"bde-image2-32-240 bde-image2\" src=\"https:\/\/cm.nicfurtuna.com\/wp-content\/uploads\/2025\/11\/Diplomatie_economica02.png\" loading=\"lazy\" srcset=\"https:\/\/cm.nicfurtuna.com\/wp-content\/uploads\/2025\/11\/Diplomatie_economica02.png 932w, https:\/\/cm.nicfurtuna.com\/wp-content\/uploads\/2025\/11\/Diplomatie_economica02-300x248.png 300w, https:\/\/cm.nicfurtuna.com\/wp-content\/uploads\/2025\/11\/Diplomatie_economica02-768x636.png 768w\" sizes=\"(max-width: 932px) 100vw, 932px\">\n<\/div><div class=\"bde-text-32-190 bde-text\">\nOrganiz\u0103m misiuni economice, parteneriate public-private \u0219i proiecte comerciale generatoare de impact \u0219i valoare.<br><br>\n<\/div>\n<\/div>\n<\/div><\/div>\n<\/section><section class=\"bde-section-32-127 bde-section\">\n  \n  \n\t\n\n\n\n<div class=\"section-container\"><h1 class=\"bde-heading-32-130 bde-heading\">\nTradi\u021bia ne une\u0219te. Onoarea ne define\u0219te.\n<\/h1><h5 class=\"bde-heading-32-131 bde-heading\">\nUn club al curajului, al credin\u021bei, al noble\u021bei \u0219i al devotamentului fa\u021b\u0103 de valorile vechi \u0219i eterne. Inspirat din rigoarea Cavalerilor de Malta \u0219i din rafinamentul cluburilor aristocratice britanice, noi construim pun\u021bi \u00eentre lumi, \u00eentre tradi\u021bii, \u00eentre suflete.\n<\/h5><h5 class=\"bde-heading-32-132 bde-heading\">\nUn club al curajului, al credin\u021bei, al noble\u021bei \u0219i al devotamentului fa\u021b\u0103 de valorile vechi \u0219i eterne. Inspirat din rigoarea Cavalerilor de Malta \u0219i din rafinamentul cluburilor aristocratice britanice, noi construim pun\u021bi \u00eentre lumi, \u00eentre tradi\u021bii, \u00eentre suflete.\n<\/h5><h1 class=\"bde-heading-32-133 bde-heading\">\nThis is a heading.\n<\/h1><\/div>\n<\/section>","protected":false},"excerpt":{"rendered":"<p>Cu sabia in mana si cartea deopotriva, Iluminam credinta si mintea colectiva, Cei intelepti purtand faclia plini de har, Ducand lumina vietii spre margini de hotar. Un club al curajului, al credin\u021bei, al noble\u021bei \u0219i al devotamentului fa\u021b\u0103 de valorile vechi \u0219i eterne. Inspirat din rigoarea\u00a0Cavalerilor de Malta\u00a0\u0219i din rafinamentul\u00a0cluburilor aristocratice britanice, noi construim pun\u021bi [&hellip;]<\/p>","protected":false},"author":1,"featured_media":0,"parent":0,"menu_order":0,"comment_status":"closed","ping_status":"closed","template":"","meta":{"_acf_changed":false,"_breakdance_hide_in_design_set":false,"_breakdance_tags":"","footnotes":""},"class_list":["post-32","page","type-page","status-publish","hentry"],"acf":[],"_links":{"self":[{"href":"https:\/\/cm.nicfurtuna.com\/en\/wp-json\/wp\/v2\/pages\/32","targetHints":{"allow":["GET"]}}],"collection":[{"href":"https:\/\/cm.nicfurtuna.com\/en\/wp-json\/wp\/v2\/pages"}],"about":[{"href":"https:\/\/cm.nicfurtuna.com\/en\/wp-json\/wp\/v2\/types\/page"}],"author":[{"embeddable":true,"href":"https:\/\/cm.nicfurtuna.com\/en\/wp-json\/wp\/v2\/users\/1"}],"replies":[{"embeddable":true,"href":"https:\/\/cm.nicfurtuna.com\/en\/wp-json\/wp\/v2\/comments?post=32"}],"version-history":[{"count":306,"href":"https:\/\/cm.nicfurtuna.com\/en\/wp-json\/wp\/v2\/pages\/32\/revisions"}],"predecessor-version":[{"id":1136,"href":"https:\/\/cm.nicfurtuna.com\/en\/wp-json\/wp\/v2\/pages\/32\/revisions\/1136"}],"wp:attachment":[{"href":"https:\/\/cm.nicfurtuna.com\/en\/wp-json\/wp\/v2\/media?parent=32"}],"curies":[{"name":"wp","href":"https:\/\/api.w.org\/{rel}","templated":true}]}}